{"id":980,"date":"2023-04-10T11:26:41","date_gmt":"2023-04-10T15:26:41","guid":{"rendered":"https:\/\/aafp.cl\/mitosyrealidades\/?page_id=980"},"modified":"2023-07-18T12:28:03","modified_gmt":"2023-07-18T16:28:03","slug":"mitos-y-realidades-2","status":"publish","type":"page","link":"https:\/\/aafp.cl\/mitosyrealidades\/","title":{"rendered":"Mitos y Realidades"},"content":{"rendered":"\r\n<h3>12 mitos de las AFP<\/h3>\r\n<p><span style=\"font-weight: 400;\">A trav\u00e9s de los a\u00f1os se han masificado frases o afirmaciones falsas respecto a c\u00f3mo funcionan las AFP y c\u00f3mo \u00e9stas administran los ahorros previsionales de los trabajadores.<\/span><\/p>\r\n<p><span style=\"font-weight: 400;\"><strong>\u00bfCu\u00e1l es la verdad sobre las AFP?<\/strong> Ac\u00e1 te lo aclaramos:<\/span><\/p>\r\n","protected":false},"excerpt":{"rendered":"<p>12 mitos de las AFP A trav\u00e9s de los a\u00f1os se han masificado frases o afirmaciones falsas respecto a c\u00f3mo funcionan las AFP y c\u00f3mo \u00e9stas administran los ahorros previsionales de los trabajadores. \u00bfCu\u00e1l es la verdad sobre las AFP? Ac\u00e1 te lo aclaramos:<\/p>\n","protected":false},"author":1,"featured_media":1031,"parent":0,"menu_order":0,"comment_status":"closed","ping_status":"closed","template":"pageflip.php","meta":{"footnotes":""},"class_list":["post-980","page","type-page","status-publish","has-post-thumbnail","hentry"],"acf":[],"yoast_head":"<!-- This site is optimized with the Yoast SEO plugin v26.4 - https:\/\/yoast.com\/wordpress\/plugins\/seo\/ -->\n<title>Mitos y Realidades del Sistema de Pensiones<\/title>\n<meta name=\"description\" content=\"Informaci\u00f3n clara respecto de los distintos aspectos que constituyen el sistema de pensiones. Ingresa e inf\u00f3rmate.\" \/>\n<meta name=\"robots\" content=\"index, follow, max-snippet:-1, max-image-preview:large, max-video-preview:-1\" \/>\n<link rel=\"canonical\" href=\"https:\/\/aafp.cl\/mitosyrealidades\/\" \/>\n<meta property=\"og:locale\" content=\"es_ES\" \/>\n<meta property=\"og:type\" content=\"article\" \/>\n<meta property=\"og:title\" content=\"Mitos y Realidades del Sistema de Pensiones\" \/>\n<meta property=\"og:description\" content=\"Informaci\u00f3n clara respecto de los distintos aspectos que constituyen el sistema de pensiones. Ingresa e inf\u00f3rmate.\" \/>\n<meta property=\"og:url\" content=\"https:\/\/aafp.cl\/mitosyrealidades\/\" \/>\n<meta property=\"og:site_name\" content=\"Mitos y Realidades\" \/>\n<meta property=\"article:publisher\" content=\"https:\/\/www.facebook.com\/AFPdeChile\" \/>\n<meta property=\"article:modified_time\" content=\"2023-07-18T16:28:03+00:00\" \/>\n<meta property=\"og:image\" content=\"https:\/\/aafp.cl\/mitosyrealidades\/wp-content\/uploads\/2023\/04\/AAFP_MR_Logo.gif\" \/>\n\t<meta property=\"og:image:width\" content=\"1024\" \/>\n\t<meta property=\"og:image:height\" content=\"236\" \/>\n\t<meta property=\"og:image:type\" content=\"image\/gif\" \/>\n<meta name=\"twitter:card\" content=\"summary_large_image\" \/>\n<meta name=\"twitter:site\" content=\"@AFPdeChile\" \/>\n<script type=\"application\/ld+json\" class=\"yoast-schema-graph\">{\"@context\":\"https:\/\/schema.org\",\"@graph\":[{\"@type\":\"WebPage\",\"@id\":\"https:\/\/aafp.cl\/mitosyrealidades\/\",\"url\":\"https:\/\/aafp.cl\/mitosyrealidades\/\",\"name\":\"Mitos y Realidades del Sistema de Pensiones\",\"isPartOf\":{\"@id\":\"https:\/\/aafp.cl\/mitosyrealidades\/#website\"},\"primaryImageOfPage\":{\"@id\":\"https:\/\/aafp.cl\/mitosyrealidades\/#primaryimage\"},\"image\":{\"@id\":\"https:\/\/aafp.cl\/mitosyrealidades\/#primaryimage\"},\"thumbnailUrl\":\"https:\/\/aafp.cl\/mitosyrealidades\/wp-content\/uploads\/2023\/04\/AAFP_MR_Logo.gif\",\"datePublished\":\"2023-04-10T15:26:41+00:00\",\"dateModified\":\"2023-07-18T16:28:03+00:00\",\"description\":\"Informaci\u00f3n clara respecto de los distintos aspectos que constituyen el sistema de pensiones. Ingresa e inf\u00f3rmate.\",\"breadcrumb\":{\"@id\":\"https:\/\/aafp.cl\/mitosyrealidades\/#breadcrumb\"},\"inLanguage\":\"es-CL\",\"potentialAction\":[{\"@type\":\"ReadAction\",\"target\":[\"https:\/\/aafp.cl\/mitosyrealidades\/\"]}]},{\"@type\":\"ImageObject\",\"inLanguage\":\"es-CL\",\"@id\":\"https:\/\/aafp.cl\/mitosyrealidades\/#primaryimage\",\"url\":\"https:\/\/aafp.cl\/mitosyrealidades\/wp-content\/uploads\/2023\/04\/AAFP_MR_Logo.gif\",\"contentUrl\":\"https:\/\/aafp.cl\/mitosyrealidades\/wp-content\/uploads\/2023\/04\/AAFP_MR_Logo.gif\",\"width\":1024,\"height\":236},{\"@type\":\"BreadcrumbList\",\"@id\":\"https:\/\/aafp.cl\/mitosyrealidades\/#breadcrumb\",\"itemListElement\":[{\"@type\":\"ListItem\",\"position\":1,\"name\":\"Portada\",\"item\":\"https:\/\/aafp.cl\/mitosyrealidades\/\"},{\"@type\":\"ListItem\",\"position\":2,\"name\":\"Mitos y Realidades\"}]},{\"@type\":\"WebSite\",\"@id\":\"https:\/\/aafp.cl\/mitosyrealidades\/#website\",\"url\":\"https:\/\/aafp.cl\/mitosyrealidades\/\",\"name\":\"Mitos y Realidades\",\"description\":\"del Sistema de Pensiones\",\"publisher\":{\"@id\":\"https:\/\/aafp.cl\/mitosyrealidades\/#organization\"},\"potentialAction\":[{\"@type\":\"SearchAction\",\"target\":{\"@type\":\"EntryPoint\",\"urlTemplate\":\"https:\/\/aafp.cl\/mitosyrealidades\/?s={search_term_string}\"},\"query-input\":{\"@type\":\"PropertyValueSpecification\",\"valueRequired\":true,\"valueName\":\"search_term_string\"}}],\"inLanguage\":\"es-CL\"},{\"@type\":\"Organization\",\"@id\":\"https:\/\/aafp.cl\/mitosyrealidades\/#organization\",\"name\":\"Asociaci\u00f3n de AFP\",\"url\":\"https:\/\/aafp.cl\/mitosyrealidades\/\",\"logo\":{\"@type\":\"ImageObject\",\"inLanguage\":\"es-CL\",\"@id\":\"https:\/\/aafp.cl\/mitosyrealidades\/#\/schema\/logo\/image\/\",\"url\":\"https:\/\/aafp.cl\/mitosyrealidades\/wordpress\/wp-content\/uploads\/2020\/03\/aafp-Logo-color.png\",\"contentUrl\":\"https:\/\/aafp.cl\/mitosyrealidades\/wordpress\/wp-content\/uploads\/2020\/03\/aafp-Logo-color.png\",\"width\":640,\"height\":188,\"caption\":\"Asociaci\u00f3n de AFP\"},\"image\":{\"@id\":\"https:\/\/aafp.cl\/mitosyrealidades\/#\/schema\/logo\/image\/\"},\"sameAs\":[\"https:\/\/www.facebook.com\/AFPdeChile\",\"https:\/\/x.com\/AFPdeChile\",\"https:\/\/www.linkedin.com\/company\/asociaci-n-de-afp-de-chile\",\"https:\/\/www.youtube.com\/user\/AAFPdeCHile\"]}]}<\/script>\n<!-- \/ Yoast SEO plugin. -->","yoast_head_json":{"title":"Mitos y Realidades del Sistema de Pensiones","description":"Informaci\u00f3n clara respecto de los distintos aspectos que constituyen el sistema de pensiones. Ingresa e inf\u00f3rmate.","robots":{"index":"index","follow":"follow","max-snippet":"max-snippet:-1","max-image-preview":"max-image-preview:large","max-video-preview":"max-video-preview:-1"},"canonical":"https:\/\/aafp.cl\/mitosyrealidades\/","og_locale":"es_ES","og_type":"article","og_title":"Mitos y Realidades del Sistema de Pensiones","og_description":"Informaci\u00f3n clara respecto de los distintos aspectos que constituyen el sistema de pensiones. Ingresa e inf\u00f3rmate.","og_url":"https:\/\/aafp.cl\/mitosyrealidades\/","og_site_name":"Mitos y Realidades","article_publisher":"https:\/\/www.facebook.com\/AFPdeChile","article_modified_time":"2023-07-18T16:28:03+00:00","og_image":[{"width":1024,"height":236,"url":"https:\/\/aafp.cl\/mitosyrealidades\/wp-content\/uploads\/2023\/04\/AAFP_MR_Logo.gif","type":"image\/gif"}],"twitter_card":"summary_large_image","twitter_site":"@AFPdeChile","schema":{"@context":"https:\/\/schema.org","@graph":[{"@type":"WebPage","@id":"https:\/\/aafp.cl\/mitosyrealidades\/","url":"https:\/\/aafp.cl\/mitosyrealidades\/","name":"Mitos y Realidades del Sistema de Pensiones","isPartOf":{"@id":"https:\/\/aafp.cl\/mitosyrealidades\/#website"},"primaryImageOfPage":{"@id":"https:\/\/aafp.cl\/mitosyrealidades\/#primaryimage"},"image":{"@id":"https:\/\/aafp.cl\/mitosyrealidades\/#primaryimage"},"thumbnailUrl":"https:\/\/aafp.cl\/mitosyrealidades\/wp-content\/uploads\/2023\/04\/AAFP_MR_Logo.gif","datePublished":"2023-04-10T15:26:41+00:00","dateModified":"2023-07-18T16:28:03+00:00","description":"Informaci\u00f3n clara respecto de los distintos aspectos que constituyen el sistema de pensiones. Ingresa e inf\u00f3rmate.","breadcrumb":{"@id":"https:\/\/aafp.cl\/mitosyrealidades\/#breadcrumb"},"inLanguage":"es-CL","potentialAction":[{"@type":"ReadAction","target":["https:\/\/aafp.cl\/mitosyrealidades\/"]}]},{"@type":"ImageObject","inLanguage":"es-CL","@id":"https:\/\/aafp.cl\/mitosyrealidades\/#primaryimage","url":"https:\/\/aafp.cl\/mitosyrealidades\/wp-content\/uploads\/2023\/04\/AAFP_MR_Logo.gif","contentUrl":"https:\/\/aafp.cl\/mitosyrealidades\/wp-content\/uploads\/2023\/04\/AAFP_MR_Logo.gif","width":1024,"height":236},{"@type":"BreadcrumbList","@id":"https:\/\/aafp.cl\/mitosyrealidades\/#breadcrumb","itemListElement":[{"@type":"ListItem","position":1,"name":"Portada","item":"https:\/\/aafp.cl\/mitosyrealidades\/"},{"@type":"ListItem","position":2,"name":"Mitos y Realidades"}]},{"@type":"WebSite","@id":"https:\/\/aafp.cl\/mitosyrealidades\/#website","url":"https:\/\/aafp.cl\/mitosyrealidades\/","name":"Mitos y Realidades","description":"del Sistema de Pensiones","publisher":{"@id":"https:\/\/aafp.cl\/mitosyrealidades\/#organization"},"potentialAction":[{"@type":"SearchAction","target":{"@type":"EntryPoint","urlTemplate":"https:\/\/aafp.cl\/mitosyrealidades\/?s={search_term_string}"},"query-input":{"@type":"PropertyValueSpecification","valueRequired":true,"valueName":"search_term_string"}}],"inLanguage":"es-CL"},{"@type":"Organization","@id":"https:\/\/aafp.cl\/mitosyrealidades\/#organization","name":"Asociaci\u00f3n de AFP","url":"https:\/\/aafp.cl\/mitosyrealidades\/","logo":{"@type":"ImageObject","inLanguage":"es-CL","@id":"https:\/\/aafp.cl\/mitosyrealidades\/#\/schema\/logo\/image\/","url":"https:\/\/aafp.cl\/mitosyrealidades\/wordpress\/wp-content\/uploads\/2020\/03\/aafp-Logo-color.png","contentUrl":"https:\/\/aafp.cl\/mitosyrealidades\/wordpress\/wp-content\/uploads\/2020\/03\/aafp-Logo-color.png","width":640,"height":188,"caption":"Asociaci\u00f3n de AFP"},"image":{"@id":"https:\/\/aafp.cl\/mitosyrealidades\/#\/schema\/logo\/image\/"},"sameAs":["https:\/\/www.facebook.com\/AFPdeChile","https:\/\/x.com\/AFPdeChile","https:\/\/www.linkedin.com\/company\/asociaci-n-de-afp-de-chile","https:\/\/www.youtube.com\/user\/AAFPdeCHile"]}]}},"_links":{"self":[{"href":"https:\/\/aafp.cl\/mitosyrealidades\/wp-json\/wp\/v2\/pages\/980","targetHints":{"allow":["GET"]}}],"collection":[{"href":"https:\/\/aafp.cl\/mitosyrealidades\/wp-json\/wp\/v2\/pages"}],"about":[{"href":"https:\/\/aafp.cl\/mitosyrealidades\/wp-json\/wp\/v2\/types\/page"}],"author":[{"embeddable":true,"href":"https:\/\/aafp.cl\/mitosyrealidades\/wp-json\/wp\/v2\/users\/1"}],"replies":[{"embeddable":true,"href":"https:\/\/aafp.cl\/mitosyrealidades\/wp-json\/wp\/v2\/comments?post=980"}],"version-history":[{"count":4,"href":"https:\/\/aafp.cl\/mitosyrealidades\/wp-json\/wp\/v2\/pages\/980\/revisions"}],"predecessor-version":[{"id":1032,"href":"https:\/\/aafp.cl\/mitosyrealidades\/wp-json\/wp\/v2\/pages\/980\/revisions\/1032"}],"wp:featuredmedia":[{"embeddable":true,"href":"https:\/\/aafp.cl\/mitosyrealidades\/wp-json\/wp\/v2\/media\/1031"}],"wp:attachment":[{"href":"https:\/\/aafp.cl\/mitosyrealidades\/wp-json\/wp\/v2\/media?parent=980"}],"curies":[{"name":"wp","href":"https:\/\/api.w.org\/{rel}","templated":true}]}}